{"id":18,"date":"2015-09-24T12:40:35","date_gmt":"2015-09-24T12:40:35","guid":{"rendered":"http:\/\/www.elektronikcad.de\/?page_id=18"},"modified":"2026-01-08T15:06:02","modified_gmt":"2026-01-08T15:06:02","slug":"kontakt","status":"publish","type":"page","link":"https:\/\/www.elektronikcad.de\/fr\/kontakt","title":{"rendered":"Kontakt"},"content":{"rendered":"<p><\/p>\n<p style=\"text-align: justify;\"><span id=\"result_box\" class=\"\" lang=\"fr\"><span class=\"hps\">Merci pour visiter<\/span> <span class=\"hps\">notre site Web<\/span>. <span class=\"hps\">Nous serons heureux de<\/span> <span class=\"hps\">r\u00e9pondre \u00e0 vos<\/span> <span class=\"hps\">questions sur nos<\/span> <span class=\"hps\">produits ou notre entreprise<\/span><span class=\"\">.<\/span><\/span><\/p>\n<p><span style=\"text-decoration: underline;\"><span style=\"color: #3366ff;\"><strong>INGENIEUR B\u00dcRO B\u00d6HME<\/strong><\/span><\/span><br \/>\nIng. (grad.) Frank B\u00f6hme<br \/>\nSchwatlostra\u00dfe 3b<br \/>\n12207 Berlin<br \/>\nALLEMAGNE<\/p>\n<p>Tel.: \u00a0 \u00a0 \u00a0 \u00a0 \u00a0 \u00a0 \u00a0 \u00a0 \u00a0 \u00a0 \u00a0 \u00a0 \u00a0 \u00a0 \u00a0\u00a0 \u00a0 \u00a0 \u00a0 \u00a0 \u00a0 \u00a0 +49 30 756576 90<br \/>\nFax: \u00a0 \u00a0 \u00a0 \u00a0 \u00a0 \u00a0 \u00a0 \u00a0 \u00a0 \u00a0 \u00a0 \u00a0 \u00a0 \u00a0 \u00a0 \u00a0 \u00a0 \u00a0\u00a0 \u00a0 \u00a0 \u00a0 +49 30 756576 91<br \/>\nMobil: \u00a0 \u00a0 \u00a0 \u00a0 \u00a0 \u00a0 \u00a0 \u00a0 \u00a0 \u00a0 \u00a0 \u00a0 \u00a0 \u00a0 \u00a0 \u00a0\u00a0 \u00a0\u00a0 \u00a0 \u00a0 +49 172 3830507<br \/>\nEmail: \u00a0 \u00a0 \u00a0 \u00a0 \u00a0 \u00a0 \u00a0 \u00a0 \u00a0 \u00a0 \u00a0 \u00a0 \u00a0 \u00a0 \u00a0 \u00a0 \u00a0 \u00a0 \u00a0\u00a0 \u00a0 boehme@elektronikcad.de<br \/>\nEmail (HANA Microelectronics): hana@elektronikcad.de<br \/>\nEmail (Bluechips Microhouse): \u00a0 bluechips@elektronikcad.de<\/p>","protected":false},"excerpt":{"rendered":"<p>Merci pour visiter notre site Web. Nous serons heureux de r\u00e9pondre \u00e0 vos questions sur nos produits ou notre entreprise. INGENIEUR B\u00dcRO B\u00d6HME Ing. (grad.) Frank B\u00f6hme Schwatlostra\u00dfe 3b 12207 Berlin ALLEMAGNE Tel.: \u00a0 \u00a0 \u00a0 \u00a0 \u00a0 \u00a0 \u00a0 \u00a0 \u00a0 \u00a0 \u00a0 \u00a0 \u00a0 \u00a0 \u00a0\u00a0 \u00a0 \u00a0 \u00a0 \u00a0 \u00a0 \u00a0 +49 &hellip; <a href=\"https:\/\/www.elektronikcad.de\/fr\/kontakt\" class=\"more-link\">Continuer la lecture de <span class=\"screen-reader-text\">Kontakt<\/span>  <span class=\"meta-nav\">&rarr;<\/span><\/a><\/p>\n","protected":false},"author":1,"featured_media":0,"parent":0,"menu_order":0,"comment_status":"closed","ping_status":"closed","template":"","meta":{"footnotes":""},"class_list":["post-18","page","type-page","status-publish","hentry"],"_links":{"self":[{"href":"https:\/\/www.elektronikcad.de\/fr\/wp-json\/wp\/v2\/pages\/18","targetHints":{"allow":["GET"]}}],"collection":[{"href":"https:\/\/www.elektronikcad.de\/fr\/wp-json\/wp\/v2\/pages"}],"about":[{"href":"https:\/\/www.elektronikcad.de\/fr\/wp-json\/wp\/v2\/types\/page"}],"author":[{"embeddable":true,"href":"https:\/\/www.elektronikcad.de\/fr\/wp-json\/wp\/v2\/users\/1"}],"replies":[{"embeddable":true,"href":"https:\/\/www.elektronikcad.de\/fr\/wp-json\/wp\/v2\/comments?post=18"}],"version-history":[{"count":8,"href":"https:\/\/www.elektronikcad.de\/fr\/wp-json\/wp\/v2\/pages\/18\/revisions"}],"predecessor-version":[{"id":778,"href":"https:\/\/www.elektronikcad.de\/fr\/wp-json\/wp\/v2\/pages\/18\/revisions\/778"}],"wp:attachment":[{"href":"https:\/\/www.elektronikcad.de\/fr\/wp-json\/wp\/v2\/media?parent=18"}],"curies":[{"name":"wp","href":"https:\/\/api.w.org\/{rel}","templated":true}]}}