{"id":41,"date":"2015-09-24T12:44:57","date_gmt":"2015-09-24T12:44:57","guid":{"rendered":"http:\/\/www.elektronikcad.de\/?page_id=41"},"modified":"2023-03-22T06:19:54","modified_gmt":"2023-03-22T06:19:54","slug":"bluechips-microhouse","status":"publish","type":"page","link":"https:\/\/www.elektronikcad.de\/fr\/bluechips-microhouse","title":{"rendered":"Bluechips  Microhouse Co., Ltd"},"content":{"rendered":"<p><\/p>\n<h1>Ingenieur B\u00fcro B\u00f6hme<br \/>\nBLUECHIPS MICROHOUSE<\/h1>\n<p><img loading=\"lazy\" decoding=\"async\" class=\"size-full wp-image-68\" src=\"https:\/\/www.elektronikcad.de\/wp-content\/uploads\/2015\/09\/blue-chips.jpg\" alt=\"blue-chips\" width=\"293\" height=\"50\" \/><\/p>\n<p><strong>Bluechips Microhouse<\/strong>, bas\u00e9 \u00e0 Chiang Mai (Tha\u00eflande) est un fournisseur international de EMS (Electronic Manufacturing Service) et est capable de fabriquer vos ensembles et dispositifs \u00e9lectroniques de mani\u00e8re rentable et efficace pour des march\u00e9s finaux tels que le march\u00e9 d&rsquo;automobile et de la technologie des capteurs et pour les domaines solaires, m\u00e9dicaux et de transports.<\/p>\n<p><strong>Bluechips Microhouse<\/strong> fournit \u00e0 ses clients des solutions compl\u00e8tes, y compris la conception des produits, l&rsquo;approvisionnement en mat\u00e9riaux, la fabrication en s\u00e9rie, le contr\u00f4le qualit\u00e9, les tests, la logistique et le service client multilingue.<\/p>\n<p><strong>Bluechips Microhouse<\/strong> tant que fournisseur unique est capable de g\u00e9rer des projets complets \u00e0 partir de la recherche et d\u00e9veloppement jusq\u2019\u00e0 la fabrication en s\u00e9rie. C\u2019est indiff\u00e8remment s\u2019il s\u2019agit d\u2019 un assemblage simple ou d\u2019une solution compl\u00e8te et complexe.<\/p>\n<p><strong>Bluechips Microhouse<\/strong> place la qualit\u00e9 au c\u0153ur du processus de fabrication. Pour \u00eatre capable \u00e0 garantir cela dans toutes les circonstances on a des qualifications et des accr\u00e9ditations; y compris ISO9001, ISO14001, ISO13485, SA8000 et la certification officielle ESD IEC 61340 et ANSI S20.20.<\/p>\n<p><strong>Bluechips Microhouse<\/strong> a 2400qm de surface de production et 600qm d&rsquo;entrep\u00f4t climatis\u00e9. La zone de production optimis\u00e9e et les machines de la technologie ultro-modernes garantissent la fabrication de vos produits sans d\u00e9lais et erreurs. Pour la r\u00e9alization de cela le flux des mati\u00e8res en stock vers les lignes de production et plus vers la zone d&#8217;emballage et d&rsquo;exp\u00e9dition a \u00e9t\u00e9 optimis\u00e9.<\/p>\n<p><strong>Bluechips Microhouse<\/strong> contuellement investit dans les comp\u00e9tences des employ\u00e9s, de nouvelles lignes de production et de l&rsquo;\u00e9quipement de test.<\/p>\n<p><strong>Production<\/strong><strong><img loading=\"lazy\" decoding=\"async\" class=\" wp-image-351 alignright\" src=\"https:\/\/www.elektronikcad.de\/wp-content\/uploads\/2015\/09\/2018-03_BCM_005.png\" alt=\"\" width=\"330\" height=\"68\" srcset=\"https:\/\/www.elektronikcad.de\/wp-content\/uploads\/2015\/09\/2018-03_BCM_005.png 1920w, https:\/\/www.elektronikcad.de\/wp-content\/uploads\/2015\/09\/2018-03_BCM_005-300x62.png 300w, https:\/\/www.elektronikcad.de\/wp-content\/uploads\/2015\/09\/2018-03_BCM_005-1024x211.png 1024w, https:\/\/www.elektronikcad.de\/wp-content\/uploads\/2015\/09\/2018-03_BCM_005-768x158.png 768w, https:\/\/www.elektronikcad.de\/wp-content\/uploads\/2015\/09\/2018-03_BCM_005-1536x316.png 1536w\" sizes=\"auto, (max-width: 330px) 100vw, 330px\" \/><\/strong><\/p>\n<p><strong>Bluechips Microhouse<\/strong> offre une vari\u00e9t\u00e9 de services de fabrication.<\/p>\n<p>\u21d2 Assemblage PCB, COB et IMT<br \/>\n\u21d2 5x Lignes SMD, inclus Fuji NXT111C<br \/>\n\u21d2 Brasage \u00e0 la vague, brasage \u00e0 double vague de gaz inerte et brasage s\u00e9lectif<br \/>\n\u21d2 Brasage en phase vapeur<br \/>\n\u21d2 Soudage \u00e0 refusion<br \/>\n\u21d2 Die Bonding<br \/>\n\u21d2 R\u00e9sine d\u2019empotage<br \/>\n\u21d2 Trumpf Laser Marking et Screen Printing<br \/>\n\u21d2 3x AOI, X-Ray et ICT Test<br \/>\n\u21d2 Assembl\u00e9e c\u00e2ble<br \/>\n\u21d2 Centre d&rsquo;usinage CNC, usinage des m\u00e9taux et soudage au laser<br \/>\n\u21d2 soudage par ultrasons<\/p>\n<p><strong>D\u00e9veloppement<\/strong><strong>\u00a0\u00a0 <\/strong><strong><img loading=\"lazy\" decoding=\"async\" class=\" wp-image-350 alignright\" src=\"https:\/\/www.elektronikcad.de\/wp-content\/uploads\/2015\/09\/2018-03_BCM_004.png\" alt=\"\" width=\"195\" height=\"186\" srcset=\"https:\/\/www.elektronikcad.de\/wp-content\/uploads\/2015\/09\/2018-03_BCM_004.png 803w, https:\/\/www.elektronikcad.de\/wp-content\/uploads\/2015\/09\/2018-03_BCM_004-300x287.png 300w, https:\/\/www.elektronikcad.de\/wp-content\/uploads\/2015\/09\/2018-03_BCM_004-768x735.png 768w\" sizes=\"auto, (max-width: 195px) 100vw, 195px\" \/><\/strong><strong>\u00a0\u00a0<\/strong><\/p>\n<p><strong>Bluechips Microhouse<\/strong> offre aux clients le d\u00e9veloppement du logiciel et du mat\u00e9riel.<\/p>\n<p>\u21d2 Concepts de produits et design<br \/>\n\u21d2 D\u00e9veloppement de logiciels et de mat\u00e9riel<br \/>\n\u21d2 PCB Design<br \/>\n\u21d2 EMC Design et Test<\/p>\n<p><strong>Contr\u00f4le de qualit\u00e9<\/strong><\/p>\n<p><strong><img loading=\"lazy\" decoding=\"async\" class=\"wp-image-349 alignright\" src=\"https:\/\/www.elektronikcad.de\/wp-content\/uploads\/2015\/09\/2018-03_BCM_003.png\" alt=\"\" width=\"263\" height=\"148\" srcset=\"https:\/\/www.elektronikcad.de\/wp-content\/uploads\/2015\/09\/2018-03_BCM_003.png 1366w, https:\/\/www.elektronikcad.de\/wp-content\/uploads\/2015\/09\/2018-03_BCM_003-300x169.png 300w, https:\/\/www.elektronikcad.de\/wp-content\/uploads\/2015\/09\/2018-03_BCM_003-1024x576.png 1024w, https:\/\/www.elektronikcad.de\/wp-content\/uploads\/2015\/09\/2018-03_BCM_003-768x432.png 768w\" sizes=\"auto, (max-width: 263px) 100vw, 263px\" \/><\/strong><\/p>\n<p><strong>Bluechips Microhouse<\/strong> associe des proc\u00e9dures d&rsquo;inspection manuelles et automatiques pour garantir une qualit\u00e9 de fabrication maximale.<\/p>\n<p><strong>Tests<br \/>\n<\/strong><\/p>\n<p>\u21d2 AOI, &gt; Viscom S3088 Basic x2 -&gt; 2.5D<br \/>\n\u21d2 AOI, &gt; Viscom S3088 Altra -&gt; 3D<br \/>\n\u21d2 X-ray, &gt; Dage DX7500NT<br \/>\n\u21d2 SPI, &gt; Inspection de la p\u00e2te \u00e0 souder<br \/>\n\u21d2 ICT,&gt; Boundary Scan et Test fonctionnel, &gt;Sigma MTS300<\/p>\n<p><strong>Test fonctionnel<\/strong><\/p>\n<p>\u21d2 Tests sp\u00e9cifiques et des tests fonctionnels avec l&rsquo;environnement de test fourni par le client<br \/>\n\u21d2 D\u00e9veloppement des tests personnalis\u00e9s et des tests fonctionnels par LabVIEW.<\/p>\n<p><strong>Emplacements<\/strong><\/p>\n<p>\u21d2 Bluechips Microhouse, Lamphun, Tha\u00eflande<br \/>\n\u21d2 Bluechips Microhouse, Chiang Mai, Tha\u00eflande<\/p>\n<p>&nbsp;<\/p>\n<p><img loading=\"lazy\" decoding=\"async\" class=\" wp-image-344 aligncenter\" src=\"https:\/\/www.elektronikcad.de\/wp-content\/uploads\/2015\/09\/2018-03_BCM_Factory_2.png\" alt=\"\" width=\"926\" height=\"317\" srcset=\"https:\/\/www.elektronikcad.de\/wp-content\/uploads\/2015\/09\/2018-03_BCM_Factory_2.png 904w, https:\/\/www.elektronikcad.de\/wp-content\/uploads\/2015\/09\/2018-03_BCM_Factory_2-300x103.png 300w, https:\/\/www.elektronikcad.de\/wp-content\/uploads\/2015\/09\/2018-03_BCM_Factory_2-768x263.png 768w\" sizes=\"auto, (max-width: 926px) 100vw, 926px\" \/><\/p>\n<p>S`il-vous-pla\u00eet appelez-moi (+49 172 3830507) ou envoyez-moi un email (<a href=\"mailto:bluechips@elektronikcad.de\">bluechips@elektronikcad.de<\/a>).<\/p>","protected":false},"excerpt":{"rendered":"<p>Ingenieur B\u00fcro B\u00f6hme BLUECHIPS MICROHOUSE Bluechips Microhouse, bas\u00e9 \u00e0 Chiang Mai (Tha\u00eflande) est un fournisseur international de EMS (Electronic Manufacturing Service) et est capable de fabriquer vos ensembles et dispositifs \u00e9lectroniques de mani\u00e8re rentable et efficace pour des march\u00e9s finaux tels que le march\u00e9 d&rsquo;automobile et de la technologie des capteurs et pour les domaines &hellip; <a href=\"https:\/\/www.elektronikcad.de\/fr\/bluechips-microhouse\" class=\"more-link\">Continuer la lecture de <span class=\"screen-reader-text\">Bluechips  Microhouse Co., Ltd<\/span>  <span class=\"meta-nav\">&rarr;<\/span><\/a><\/p>\n","protected":false},"author":1,"featured_media":0,"parent":0,"menu_order":0,"comment_status":"closed","ping_status":"closed","template":"","meta":{"footnotes":""},"class_list":["post-41","page","type-page","status-publish","hentry"],"_links":{"self":[{"href":"https:\/\/www.elektronikcad.de\/fr\/wp-json\/wp\/v2\/pages\/41","targetHints":{"allow":["GET"]}}],"collection":[{"href":"https:\/\/www.elektronikcad.de\/fr\/wp-json\/wp\/v2\/pages"}],"about":[{"href":"https:\/\/www.elektronikcad.de\/fr\/wp-json\/wp\/v2\/types\/page"}],"author":[{"embeddable":true,"href":"https:\/\/www.elektronikcad.de\/fr\/wp-json\/wp\/v2\/users\/1"}],"replies":[{"embeddable":true,"href":"https:\/\/www.elektronikcad.de\/fr\/wp-json\/wp\/v2\/comments?post=41"}],"version-history":[{"count":6,"href":"https:\/\/www.elektronikcad.de\/fr\/wp-json\/wp\/v2\/pages\/41\/revisions"}],"predecessor-version":[{"id":632,"href":"https:\/\/www.elektronikcad.de\/fr\/wp-json\/wp\/v2\/pages\/41\/revisions\/632"}],"wp:attachment":[{"href":"https:\/\/www.elektronikcad.de\/fr\/wp-json\/wp\/v2\/media?parent=41"}],"curies":[{"name":"wp","href":"https:\/\/api.w.org\/{rel}","templated":true}]}}