{"id":43,"date":"2015-09-24T12:45:19","date_gmt":"2015-09-24T12:45:19","guid":{"rendered":"http:\/\/www.elektronikcad.de\/?page_id=43"},"modified":"2024-03-01T10:32:13","modified_gmt":"2024-03-01T10:32:13","slug":"hana-microelectronics","status":"publish","type":"page","link":"https:\/\/www.elektronikcad.de\/fr\/hana-microelectronics","title":{"rendered":"HANA  Microelectronics Group"},"content":{"rendered":"<p>Rendez-nous visite \u00e0 l&rsquo;<strong><a href=\"https:\/\/evertiq.de\/expo\/ber2024_visit_8LS6GQB2D5Q6USM2KH14AKH068O34D62KGS36DHI\" target=\"_blank\" rel=\"noopener\">Evertiq Expo \u00e0 Berlin<\/a><\/strong>, dans le parc scientifique et technologique de Berlin Adlershof (20 juin 2024 de 9h00 \u00e0 16h00).<\/p>\n<p>L&rsquo;\u00e9v\u00e9nement pour tous ceux qui travaillent dans et pour l&rsquo;industrie \u00e9lectronique. Bienvenue \u00e0 l&rsquo;Evertiq Expo \u00e0 Berlin.<\/p>\n<h1>HANA MICROELECTRONICS GROUP<\/h1>\n<p><img loading=\"lazy\" decoding=\"async\" class=\" wp-image-311\" src=\"https:\/\/www.elektronikcad.de\/wp-content\/uploads\/2015\/09\/HANA_002.png\" alt=\"\" width=\"173\" height=\"52\" \/><br \/>\n<strong>HANA MICROELECTRONICS GROUP<\/strong> fabrique des produits pour une grande vari\u00e9t\u00e9 d&rsquo;applications. Gr\u00e2ce aux investissements continuels les installations de production sont constamment adapt\u00e9es aux derni\u00e8res technologies. Il est ainsi possible de r\u00e9pondre de mani\u00e8re optimale \u00e0 toutes les exigences actuelles et futures des clients dans les domaines de la micro\u00e9lectronique, des circuits int\u00e9gr\u00e9s \u00e0 semi-conducteurs (IC) et des modules LCOS (Liquid Crystal on Silicon).<\/p>\n<p><strong>HANA MICROELECTRONICS GROUP <\/strong>produit dans 6 usines de production dans le monde entier avec plus de 10.000 employ\u00e9s. Les usines en Tha\u00eflande, en Chine, aux \u00c9tats-Unis et au Cambodge ont une superficie totale de production de plus de 100.000qm.<\/p>\n<p><strong>HANA MICROELECTRONICS GROUP <\/strong>se conforme syst\u00e9matiquement aux normes de qualit\u00e9 reconnues internationalement telles que ISO9001, ISO \/ TS 16949, ISO 13485, ISO 14001, OHSAS 18001 et TIS 18001. Cel\u00e0 se refl\u00e8te dans de nombreux prix et reconnaissances de la part des entreprises les plus exigeantes du monde.<\/p>\n<p><strong>Emplacements<\/strong><\/p>\n<p>\u21d2 Hana Semiconductor (Ayutthaya) Co., Ltd., Tha\u00eflande<br \/>\n\u21d2 Hana Microelectronics Public Co., Ltd. Lamphun, Tha\u00eflande<br \/>\n\u21d2 Hana Microelectronics (JiaXing) Co., Ltd., Chine<br \/>\n\u21d2 Hana Cambodge<br \/>\n\u21d2 Hana Microdisplay Technologies, Inc., USA.<\/p>\n<p><strong>Comp\u00e9tence<\/strong><\/p>\n<p>\u21d2 Hybrids sur Flex, FR4, ceramics avec fine picthed SMT, Wire bond (en or et en aluminum), flip chip<br \/>\n\u21d2 Hybrids<br \/>\n\u21d2 Aides auditives et des tests acoustiques<br \/>\n\u21d2 IC packaging, l&rsquo;assemblage pr\u00e9cis sur une vari\u00e9t\u00e9 de substrat<br \/>\n\u21d2 Clear optical package<br \/>\n\u21d2 Tr\u00e8s flexible dans ses offres de services<\/p>\n<p>S`il-vous-pla\u00eet appelez-moi (+49 172 3830507) ou envoye z-moi un email (<a href=\"mailto:hana@elektronikcad.de\">hana@elektronikcad.de<\/a>).<\/p>\n<p><img loading=\"lazy\" decoding=\"async\" class=\"size-full wp-image-310 aligncenter\" src=\"https:\/\/www.elektronikcad.de\/wp-content\/uploads\/2015\/09\/HANA_001.png\" alt=\"\" width=\"710\" height=\"150\" srcset=\"https:\/\/www.elektronikcad.de\/wp-content\/uploads\/2015\/09\/HANA_001.png 710w, https:\/\/www.elektronikcad.de\/wp-content\/uploads\/2015\/09\/HANA_001-300x63.png 300w\" sizes=\"auto, (max-width: 710px) 100vw, 710px\" \/><\/p>","protected":false},"excerpt":{"rendered":"<p>Rendez-nous visite \u00e0 l&rsquo;Evertiq Expo \u00e0 Berlin, dans le parc scientifique et technologique de Berlin Adlershof (20 juin 2024 de 9h00 \u00e0 16h00). L&rsquo;\u00e9v\u00e9nement pour tous ceux qui travaillent dans et pour l&rsquo;industrie \u00e9lectronique. Bienvenue \u00e0 l&rsquo;Evertiq Expo \u00e0 Berlin. HANA MICROELECTRONICS GROUP HANA MICROELECTRONICS GROUP fabrique des produits pour une grande vari\u00e9t\u00e9 d&rsquo;applications. Gr\u00e2ce &hellip; <a href=\"https:\/\/www.elektronikcad.de\/fr\/hana-microelectronics\" class=\"more-link\">Continuer la lecture de <span class=\"screen-reader-text\">HANA  Microelectronics Group<\/span>  <span class=\"meta-nav\">&rarr;<\/span><\/a><\/p>\n","protected":false},"author":1,"featured_media":0,"parent":0,"menu_order":0,"comment_status":"closed","ping_status":"closed","template":"","meta":{"footnotes":""},"class_list":["post-43","page","type-page","status-publish","hentry"],"_links":{"self":[{"href":"https:\/\/www.elektronikcad.de\/fr\/wp-json\/wp\/v2\/pages\/43","targetHints":{"allow":["GET"]}}],"collection":[{"href":"https:\/\/www.elektronikcad.de\/fr\/wp-json\/wp\/v2\/pages"}],"about":[{"href":"https:\/\/www.elektronikcad.de\/fr\/wp-json\/wp\/v2\/types\/page"}],"author":[{"embeddable":true,"href":"https:\/\/www.elektronikcad.de\/fr\/wp-json\/wp\/v2\/users\/1"}],"replies":[{"embeddable":true,"href":"https:\/\/www.elektronikcad.de\/fr\/wp-json\/wp\/v2\/comments?post=43"}],"version-history":[{"count":11,"href":"https:\/\/www.elektronikcad.de\/fr\/wp-json\/wp\/v2\/pages\/43\/revisions"}],"predecessor-version":[{"id":768,"href":"https:\/\/www.elektronikcad.de\/fr\/wp-json\/wp\/v2\/pages\/43\/revisions\/768"}],"wp:attachment":[{"href":"https:\/\/www.elektronikcad.de\/fr\/wp-json\/wp\/v2\/media?parent=43"}],"curies":[{"name":"wp","href":"https:\/\/api.w.org\/{rel}","templated":true}]}}