{"id":47,"date":"2015-09-24T12:46:09","date_gmt":"2015-09-24T12:46:09","guid":{"rendered":"http:\/\/www.elektronikcad.de\/?page_id=47"},"modified":"2023-03-22T06:15:45","modified_gmt":"2023-03-22T06:15:45","slug":"brose-systeme-gmbh","status":"publish","type":"page","link":"https:\/\/www.elektronikcad.de\/fr\/brose-systeme-gmbh","title":{"rendered":"Brose Systeme GmbH"},"content":{"rendered":"<p><\/p>\n<h1>Ingenieur B\u00fcro B\u00f6hme<a href=\"http:\/\/www.brose-systeme.de\" target=\"_blank\" rel=\"noopener\"><img loading=\"lazy\" decoding=\"async\" class=\"wp-image-84\" src=\"https:\/\/www.elektronikcad.de\/wp-content\/uploads\/2015\/09\/brose.jpg\" alt=\"brose\" width=\"204\" height=\"66\" \/><\/a><br \/>\nBrose Systeme GmbH<\/h1>\n<p>Depuis 1964 l&rsquo;entreprise fournit \u00e0 ses clients dans le monde entier de l&rsquo;\u00e9lectronique industrielle.<\/p>\n<p><strong>Comp\u00e9tence<\/strong><\/p>\n<p>\u21d2 Technologie de mesure et de contr\u00f4le des processus<br \/>\n\u21d2 Circuit conception de circuit micro-contr\u00f4leur et la programmation<br \/>\n\u21d2 D\u00e9veloppement des circuits analogiques<br \/>\n\u21d2 D\u00e9veloppement des convertisseurs de commutation<br \/>\n\u21d2 Exp\u00e9riences avec les bus de terrain<br \/>\n\u21d2 Electronique pour cellules solaires<br \/>\n\u21d2 Gestion de la batterie des batteries NiMH et Lithium<\/p>\n<p><strong>Ressources<\/strong><\/p>\n<p>\u21d2 D\u00e9veloppement, prototypage, production, assurance qualit\u00e9 et assemblage d&rsquo;ensembles et d&rsquo;appareils \u00e9lectroniques<br \/>\n\u21d2 Environnement de d\u00e9veloppement et de test pour la famille 8051 et AVR en assembleur, C et Basic<br \/>\n\u21d2 Calibrateurs pour la tension, le courant, la r\u00e9sistance, divers instruments de mesure<br \/>\n\u21d2 Chambre thermique, mesure optique de temp\u00e9rature avec 1 mm spot de mesure, testeur de haute tension<br \/>\n\u21d2 Coop\u00e9ration d&rsquo;un laboratoire fiable CEM<br \/>\n\u21d2 Sch\u00e9ma de circuit et disposition de carte PCB avec Eagle et d&rsquo;autres syst\u00e8mes<br \/>\n\u21d2 Atelier m\u00e9canique avec tournage, per\u00e7age et fraisage<\/p>\n<p>S`il-vous-pla\u00eet appelez-moi (+49 172 3830507) ou envoyez-moi un email (<a href=\"mailto:boehme@elektronikcad.de\">boehme@elektronikcad.de<\/a>).<\/p>\n<p><img loading=\"lazy\" decoding=\"async\" class=\"wp-image-273 alignnone\" src=\"https:\/\/www.elektronikcad.de\/wp-content\/uploads\/2015\/09\/solar_01.png\" alt=\"\" width=\"235\" height=\"176\" srcset=\"https:\/\/www.elektronikcad.de\/wp-content\/uploads\/2015\/09\/solar_01.png 568w, https:\/\/www.elektronikcad.de\/wp-content\/uploads\/2015\/09\/solar_01-300x225.png 300w\" sizes=\"auto, (max-width: 235px) 100vw, 235px\" \/>\u00a0\u00a0\u00a0\u00a0\u00a0\u00a0\u00a0\u00a0\u00a0\u00a0\u00a0\u00a0\u00a0\u00a0\u00a0\u00a0\u00a0\u00a0\u00a0\u00a0\u00a0\u00a0\u00a0\u00a0\u00a0\u00a0\u00a0\u00a0\u00a0\u00a0\u00a0\u00a0\u00a0\u00a0\u00a0\u00a0\u00a0\u00a0\u00a0\u00a0\u00a0\u00a0\u00a0\u00a0\u00a0\u00a0\u00a0\u00a0\u00a0\u00a0\u00a0\u00a0\u00a0\u00a0\u00a0\u00a0 <img loading=\"lazy\" decoding=\"async\" class=\"wp-image-272 alignnone\" src=\"https:\/\/www.elektronikcad.de\/wp-content\/uploads\/2015\/09\/solar_02.png\" alt=\"\" width=\"283\" height=\"212\" srcset=\"https:\/\/www.elektronikcad.de\/wp-content\/uploads\/2015\/09\/solar_02.png 568w, https:\/\/www.elektronikcad.de\/wp-content\/uploads\/2015\/09\/solar_02-300x225.png 300w\" sizes=\"auto, (max-width: 283px) 100vw, 283px\" \/><\/p>","protected":false},"excerpt":{"rendered":"<p>Ingenieur B\u00fcro B\u00f6hme Brose Systeme GmbH Depuis 1964 l&rsquo;entreprise fournit \u00e0 ses clients dans le monde entier de l&rsquo;\u00e9lectronique industrielle. Comp\u00e9tence \u21d2 Technologie de mesure et de contr\u00f4le des processus \u21d2 Circuit conception de circuit micro-contr\u00f4leur et la programmation \u21d2 D\u00e9veloppement des circuits analogiques \u21d2 D\u00e9veloppement des convertisseurs de commutation \u21d2 Exp\u00e9riences avec les bus &hellip; <a href=\"https:\/\/www.elektronikcad.de\/fr\/brose-systeme-gmbh\" class=\"more-link\">Continuer la lecture de <span class=\"screen-reader-text\">Brose Systeme GmbH<\/span>  <span class=\"meta-nav\">&rarr;<\/span><\/a><\/p>\n","protected":false},"author":1,"featured_media":0,"parent":0,"menu_order":0,"comment_status":"closed","ping_status":"closed","template":"","meta":{"footnotes":""},"class_list":["post-47","page","type-page","status-publish","hentry"],"_links":{"self":[{"href":"https:\/\/www.elektronikcad.de\/fr\/wp-json\/wp\/v2\/pages\/47","targetHints":{"allow":["GET"]}}],"collection":[{"href":"https:\/\/www.elektronikcad.de\/fr\/wp-json\/wp\/v2\/pages"}],"about":[{"href":"https:\/\/www.elektronikcad.de\/fr\/wp-json\/wp\/v2\/types\/page"}],"author":[{"embeddable":true,"href":"https:\/\/www.elektronikcad.de\/fr\/wp-json\/wp\/v2\/users\/1"}],"replies":[{"embeddable":true,"href":"https:\/\/www.elektronikcad.de\/fr\/wp-json\/wp\/v2\/comments?post=47"}],"version-history":[{"count":4,"href":"https:\/\/www.elektronikcad.de\/fr\/wp-json\/wp\/v2\/pages\/47\/revisions"}],"predecessor-version":[{"id":628,"href":"https:\/\/www.elektronikcad.de\/fr\/wp-json\/wp\/v2\/pages\/47\/revisions\/628"}],"wp:attachment":[{"href":"https:\/\/www.elektronikcad.de\/fr\/wp-json\/wp\/v2\/media?parent=47"}],"curies":[{"name":"wp","href":"https:\/\/api.w.org\/{rel}","templated":true}]}}