{"id":479,"date":"2015-09-24T11:53:35","date_gmt":"2015-09-24T11:53:35","guid":{"rendered":"http:\/\/www.elektronikcad.de\/?page_id=4"},"modified":"2026-01-22T15:21:10","modified_gmt":"2026-01-22T15:21:10","slug":"ingenieur-buro-bohme","status":"publish","type":"page","link":"https:\/\/www.elektronikcad.de\/fr\/","title":{"rendered":"Ingenieur B\u00fcro B\u00f6hme"},"content":{"rendered":"<p><\/p>\n<h1>Votre bureau d&rsquo;ing\u00e9nierie pour\u00a0 \u00e9lectronique \/ Conception de PCB et production en Asie<\/h1>\n<p>J&rsquo;ai fond\u00e9 le Ingenieur B\u00fcro B\u00f6hme en 2003 en mettant l&rsquo;accent sur le d\u00e9veloppement des cartes de circuits imprim\u00e9s. Un dipl\u00f4me en mati\u00e8re \u00e9lectrionique et de nombreuses ann\u00e9es de travail dans une entreprise de taille moyenne constituent la base du savoir-faire n\u00e9cessaire.<\/p>\n<p>En travaillant avec des entreprises partenaires nationales et internationales c\u2019est que devenu du moi-m\u00eame le nous. Maintenant nous vous pouvons offrir le d\u00e9veloppement des produits complets (hardware et software inclus) jusqu&rsquo;\u00e0 la production.<\/p>\n<p>On peut (presque toujours) m&rsquo;atteindre personnellement mais\u00a0 parfois seulement mon assistante (et ma femme).<br \/>\nS`il-vous-pla\u00eet appelez-moi (+49 172 3830507) ou envoyez-moi un email (<a href=\"mailto:boehme@elektronikcad.de\">boehme@elektronikcad.de<\/a>).<\/p>\n<table border=\"0\" width=\"100%\" cellspacing=\"1\" cellpadding=\"1\">\n<tbody>\n<tr>\n<td>\n<p><figure id=\"attachment_212\" aria-describedby=\"caption-attachment-212\" style=\"width: 271px\" class=\"wp-caption alignnone\"><img loading=\"lazy\" decoding=\"async\" class=\"wp-image-212\" src=\"https:\/\/www.elektronikcad.de\/wp-content\/uploads\/2015\/11\/RD_hochzeit_3_4.7.15.139.jpg\" alt=\"Frank B\u00f6hme\" width=\"271\" height=\"323\" srcset=\"https:\/\/www.elektronikcad.de\/wp-content\/uploads\/2015\/11\/RD_hochzeit_3_4.7.15.139.jpg 934w, https:\/\/www.elektronikcad.de\/wp-content\/uploads\/2015\/11\/RD_hochzeit_3_4.7.15.139-252x300.jpg 252w, https:\/\/www.elektronikcad.de\/wp-content\/uploads\/2015\/11\/RD_hochzeit_3_4.7.15.139-860x1024.jpg 860w, https:\/\/www.elektronikcad.de\/wp-content\/uploads\/2015\/11\/RD_hochzeit_3_4.7.15.139-768x914.jpg 768w\" sizes=\"auto, (max-width: 271px) 100vw, 271px\" \/><figcaption id=\"caption-attachment-212\" class=\"wp-caption-text\"><span style=\"color: #2b2b2b;\"><span style=\"font-size: 16px; font-style: normal;\">Frank B\u00f6hme<\/span><\/span><\/figcaption><\/figure><\/td>\n<td><span style=\"font-size: 16px;\">\u00a0<\/span><\/td>\n<td><\/td>\n<\/tr>\n<tr>\n<td>\n<p><figure id=\"attachment_213\" aria-describedby=\"caption-attachment-213\" style=\"width: 331px\" class=\"wp-caption alignnone\"><img loading=\"lazy\" decoding=\"async\" class=\"wp-image-213\" src=\"https:\/\/www.elektronikcad.de\/wp-content\/uploads\/2015\/11\/P1010879.jpg\" alt=\"Regina B\u00f6hme\" width=\"331\" height=\"315\" srcset=\"https:\/\/www.elektronikcad.de\/wp-content\/uploads\/2015\/11\/P1010879.jpg 724w, https:\/\/www.elektronikcad.de\/wp-content\/uploads\/2015\/11\/P1010879-300x286.jpg 300w\" sizes=\"auto, (max-width: 331px) 100vw, 331px\" \/><figcaption id=\"caption-attachment-213\" class=\"wp-caption-text\"><span style=\"color: #2b2b2b;\"><span style=\"font-size: 16px; font-style: normal;\">Regina B\u00f6hme<\/span><\/span><\/figcaption><\/figure><\/td>\n<td><span style=\"font-size: 16px;\">\u00a0<\/span><\/td>\n<td><span style=\"font-size: 16px;\">\u00a0<\/span><\/td>\n<\/tr>\n<\/tbody>\n<\/table>\n<p><\/p>","protected":false},"excerpt":{"rendered":"<p>Votre bureau d&rsquo;ing\u00e9nierie pour\u00a0 \u00e9lectronique \/ Conception de PCB et production en Asie J&rsquo;ai fond\u00e9 le Ingenieur B\u00fcro B\u00f6hme en 2003 en mettant l&rsquo;accent sur le d\u00e9veloppement des cartes de circuits imprim\u00e9s. Un dipl\u00f4me en mati\u00e8re \u00e9lectrionique et de nombreuses ann\u00e9es de travail dans une entreprise de taille moyenne constituent la base du savoir-faire n\u00e9cessaire. &hellip; <a href=\"https:\/\/www.elektronikcad.de\/fr\/\" class=\"more-link\">Continuer la lecture de <span class=\"screen-reader-text\">Ingenieur B\u00fcro B\u00f6hme<\/span>  <span class=\"meta-nav\">&rarr;<\/span><\/a><\/p>\n","protected":false},"author":1,"featured_media":0,"parent":0,"menu_order":0,"comment_status":"closed","ping_status":"closed","template":"page-templates\/full-width.php","meta":{"footnotes":""},"class_list":["post-479","page","type-page","status-publish","hentry"],"_links":{"self":[{"href":"https:\/\/www.elektronikcad.de\/fr\/wp-json\/wp\/v2\/pages\/479","targetHints":{"allow":["GET"]}}],"collection":[{"href":"https:\/\/www.elektronikcad.de\/fr\/wp-json\/wp\/v2\/pages"}],"about":[{"href":"https:\/\/www.elektronikcad.de\/fr\/wp-json\/wp\/v2\/types\/page"}],"author":[{"embeddable":true,"href":"https:\/\/www.elektronikcad.de\/fr\/wp-json\/wp\/v2\/users\/1"}],"replies":[{"embeddable":true,"href":"https:\/\/www.elektronikcad.de\/fr\/wp-json\/wp\/v2\/comments?post=479"}],"version-history":[{"count":32,"href":"https:\/\/www.elektronikcad.de\/fr\/wp-json\/wp\/v2\/pages\/479\/revisions"}],"predecessor-version":[{"id":781,"href":"https:\/\/www.elektronikcad.de\/fr\/wp-json\/wp\/v2\/pages\/479\/revisions\/781"}],"wp:attachment":[{"href":"https:\/\/www.elektronikcad.de\/fr\/wp-json\/wp\/v2\/media?parent=479"}],"curies":[{"name":"wp","href":"https:\/\/api.w.org\/{rel}","templated":true}]}}