{"id":49,"date":"2015-09-24T12:46:37","date_gmt":"2015-09-24T12:46:37","guid":{"rendered":"http:\/\/www.elektronikcad.de\/?page_id=49"},"modified":"2023-04-04T06:11:44","modified_gmt":"2023-04-04T06:11:44","slug":"projekte","status":"publish","type":"page","link":"https:\/\/www.elektronikcad.de\/fr\/projekte","title":{"rendered":"Nos projets"},"content":{"rendered":"<p><\/p>\n<h2>Exemples de projets mis en \u0153uvre avec succ\u00e8s.<\/h2>\n<h3>ReMoD V5.0 Typ 1<\/h3>\n<p>Poursuite du d\u00e9veloppement d&rsquo;une aide \u00e0 la marche brevet\u00e9e pour le contr\u00f4le de la posture et des mouvements des patients souffrant de probl\u00e8mes posturaux neurologiques.<\/p>\n<figure id=\"attachment_444\" aria-describedby=\"caption-attachment-444\" style=\"width: 300px\" class=\"wp-caption alignnone\"><img loading=\"lazy\" decoding=\"async\" class=\"wp-image-444 size-medium\" src=\"https:\/\/www.elektronikcad.de\/wp-content\/uploads\/2015\/09\/REMOD_02-300x215.jpg\" alt=\"\" width=\"300\" height=\"215\" srcset=\"https:\/\/www.elektronikcad.de\/wp-content\/uploads\/2015\/09\/REMOD_02-300x215.jpg 300w, https:\/\/www.elektronikcad.de\/wp-content\/uploads\/2015\/09\/REMOD_02-768x550.jpg 768w, https:\/\/www.elektronikcad.de\/wp-content\/uploads\/2015\/09\/REMOD_02.jpg 808w\" sizes=\"auto, (max-width: 300px) 100vw, 300px\" \/><figcaption id=\"caption-attachment-444\" class=\"wp-caption-text\">Leiterplatte<\/figcaption><\/figure>\n<figure id=\"attachment_443\" aria-describedby=\"caption-attachment-443\" style=\"width: 218px\" class=\"wp-caption alignnone\"><img loading=\"lazy\" decoding=\"async\" class=\"wp-image-443 size-medium\" src=\"https:\/\/www.elektronikcad.de\/wp-content\/uploads\/2015\/09\/REMOD_01-218x300.jpg\" alt=\"\" width=\"218\" height=\"300\" srcset=\"https:\/\/www.elektronikcad.de\/wp-content\/uploads\/2015\/09\/REMOD_01-218x300.jpg 218w, https:\/\/www.elektronikcad.de\/wp-content\/uploads\/2015\/09\/REMOD_01-743x1024.jpg 743w, https:\/\/www.elektronikcad.de\/wp-content\/uploads\/2015\/09\/REMOD_01-768x1059.jpg 768w, https:\/\/www.elektronikcad.de\/wp-content\/uploads\/2015\/09\/REMOD_01.jpg 984w\" sizes=\"auto, (max-width: 218px) 100vw, 218px\" \/><figcaption id=\"caption-attachment-443\" class=\"wp-caption-text\">ReMoD V5.0 Typ 1<\/figcaption><\/figure>\n<figure id=\"attachment_445\" aria-describedby=\"caption-attachment-445\" style=\"width: 300px\" class=\"wp-caption alignnone\"><img loading=\"lazy\" decoding=\"async\" class=\"wp-image-445 size-medium\" src=\"https:\/\/www.elektronikcad.de\/wp-content\/uploads\/2015\/09\/REMOD_03-300x300.jpg\" alt=\"\" width=\"300\" height=\"300\" srcset=\"https:\/\/www.elektronikcad.de\/wp-content\/uploads\/2015\/09\/REMOD_03-300x300.jpg 300w, https:\/\/www.elektronikcad.de\/wp-content\/uploads\/2015\/09\/REMOD_03-150x150.jpg 150w, https:\/\/www.elektronikcad.de\/wp-content\/uploads\/2015\/09\/REMOD_03.jpg 438w\" sizes=\"auto, (max-width: 300px) 100vw, 300px\" \/><figcaption id=\"caption-attachment-445\" class=\"wp-caption-text\">Weste<\/figcaption><\/figure>\n<p>ReMoD UG (haftungsbeschr\u00e4nkt)<br \/>\nReinickendorfer Str. 15<br \/>\n13347 Berlin<br \/>\nDeutschland<br \/>\n<a href=\"https:\/\/www.hemiparese-therapie.de\">https:\/\/www.hemiparese-therapie.de<\/a><\/p>\n<h3>Serienfertigung in Asien [E\u00b3]<\/h3>\n<p><img loading=\"lazy\" decoding=\"async\" class=\"alignnone wp-image-695 size-full\" src=\"https:\/\/www.elektronikcad.de\/wp-content\/uploads\/2023\/04\/engstler-logo.png\" alt=\"\" width=\"101\" height=\"113\" \/><\/p>\n<p>PROGRAMMABLE LCD KEYS. All LCD switches from [E\u00b3] are fully programmable, RGB-backlit LCD push-button keyswitches<\/p>\n<p><a href=\"https:\/\/www.elektronikcad.de\/wp-content\/uploads\/2023\/04\/boehme-elektronikentwicklung-e3-asien-1.jpg\"><img loading=\"lazy\" decoding=\"async\" class=\"alignnone wp-image-693 size-medium\" src=\"https:\/\/www.elektronikcad.de\/wp-content\/uploads\/2023\/04\/boehme-elektronikentwicklung-e3-asien-1-248x300.jpg\" alt=\"\" width=\"248\" height=\"300\" srcset=\"https:\/\/www.elektronikcad.de\/wp-content\/uploads\/2023\/04\/boehme-elektronikentwicklung-e3-asien-1-248x300.jpg 248w, https:\/\/www.elektronikcad.de\/wp-content\/uploads\/2023\/04\/boehme-elektronikentwicklung-e3-asien-1-847x1024.jpg 847w, https:\/\/www.elektronikcad.de\/wp-content\/uploads\/2023\/04\/boehme-elektronikentwicklung-e3-asien-1-768x929.jpg 768w, https:\/\/www.elektronikcad.de\/wp-content\/uploads\/2023\/04\/boehme-elektronikentwicklung-e3-asien-1.jpg 992w\" sizes=\"auto, (max-width: 248px) 100vw, 248px\" \/><\/a><\/p>\n<p><a href=\"https:\/\/www.elektronikcad.de\/wp-content\/uploads\/2023\/04\/boehme-elektronikentwicklung-e3-asien-2.jpg\"><img loading=\"lazy\" decoding=\"async\" class=\"alignnone wp-image-694 size-medium\" src=\"https:\/\/www.elektronikcad.de\/wp-content\/uploads\/2023\/04\/boehme-elektronikentwicklung-e3-asien-2-300x148.jpg\" alt=\"\" width=\"300\" height=\"148\" srcset=\"https:\/\/www.elektronikcad.de\/wp-content\/uploads\/2023\/04\/boehme-elektronikentwicklung-e3-asien-2-300x148.jpg 300w, https:\/\/www.elektronikcad.de\/wp-content\/uploads\/2023\/04\/boehme-elektronikentwicklung-e3-asien-2-1024x505.jpg 1024w, https:\/\/www.elektronikcad.de\/wp-content\/uploads\/2023\/04\/boehme-elektronikentwicklung-e3-asien-2-768x379.jpg 768w, https:\/\/www.elektronikcad.de\/wp-content\/uploads\/2023\/04\/boehme-elektronikentwicklung-e3-asien-2.jpg 1096w\" sizes=\"auto, (max-width: 300px) 100vw, 300px\" \/><\/a><\/p>\n<p><a href=\"https:\/\/www.e3-keys.com\/\" target=\"_blank\" rel=\"noopener\">https:\/\/www.e3-keys.com\/<\/a><\/p>\n<h3>Entwicklung und Fertigung f\u00fcr Remote eye tracking devices<\/h3>\n<p>This devices provide a non-invasive and powerful method to reveal attentional focus and cognitive strategies.<\/p>\n<p><a href=\"https:\/\/www.elektronikcad.de\/wp-content\/uploads\/2023\/04\/elektronikentwicklung-pcb-design-boehem-berlin-beispiel-3.jpg\"><img loading=\"lazy\" decoding=\"async\" class=\"alignnone size-medium wp-image-702\" src=\"https:\/\/www.elektronikcad.de\/wp-content\/uploads\/2023\/04\/elektronikentwicklung-pcb-design-boehem-berlin-beispiel-3-300x268.jpg\" alt=\"\" width=\"300\" height=\"268\" srcset=\"https:\/\/www.elektronikcad.de\/wp-content\/uploads\/2023\/04\/elektronikentwicklung-pcb-design-boehem-berlin-beispiel-3-300x268.jpg 300w, https:\/\/www.elektronikcad.de\/wp-content\/uploads\/2023\/04\/elektronikentwicklung-pcb-design-boehem-berlin-beispiel-3-1024x915.jpg 1024w, https:\/\/www.elektronikcad.de\/wp-content\/uploads\/2023\/04\/elektronikentwicklung-pcb-design-boehem-berlin-beispiel-3-768x686.jpg 768w, https:\/\/www.elektronikcad.de\/wp-content\/uploads\/2023\/04\/elektronikentwicklung-pcb-design-boehem-berlin-beispiel-3.jpg 1200w\" sizes=\"auto, (max-width: 300px) 100vw, 300px\" \/><\/a><\/p>\n<p><a href=\"https:\/\/www.elektronikcad.de\/wp-content\/uploads\/2023\/04\/elektronikentwicklung-pcb-design-boehem-berlin-beispiel-4.jpg\"><img loading=\"lazy\" decoding=\"async\" class=\"alignnone size-medium wp-image-703\" src=\"https:\/\/www.elektronikcad.de\/wp-content\/uploads\/2023\/04\/elektronikentwicklung-pcb-design-boehem-berlin-beispiel-4-300x46.jpg\" alt=\"\" width=\"300\" height=\"46\" srcset=\"https:\/\/www.elektronikcad.de\/wp-content\/uploads\/2023\/04\/elektronikentwicklung-pcb-design-boehem-berlin-beispiel-4-300x46.jpg 300w, https:\/\/www.elektronikcad.de\/wp-content\/uploads\/2023\/04\/elektronikentwicklung-pcb-design-boehem-berlin-beispiel-4-1024x158.jpg 1024w, https:\/\/www.elektronikcad.de\/wp-content\/uploads\/2023\/04\/elektronikentwicklung-pcb-design-boehem-berlin-beispiel-4-768x118.jpg 768w, https:\/\/www.elektronikcad.de\/wp-content\/uploads\/2023\/04\/elektronikentwicklung-pcb-design-boehem-berlin-beispiel-4.jpg 1200w\" sizes=\"auto, (max-width: 300px) 100vw, 300px\" \/><\/a><\/p>\n<p><a href=\"https:\/\/www.eyelogicsolutions.com\/\" target=\"_blank\" rel=\"noopener\">https:\/\/www.eyelogicsolutions.com\/<\/a><\/p>\n<h3>Leiterplattenentwicklung f\u00fcr Haptic Feedback<\/h3>\n<p>SOUND ZUM ANFASSEN<br \/>\nDas Ger\u00e4t wandelt jedes Audiosignal in haptisches Feedback in Form von Vibrationen um.<\/p>\n<p><a href=\"https:\/\/www.elektronikcad.de\/wp-content\/uploads\/2023\/04\/boehme-elektronik-entwicklung-projekte-feelbelt-1.jpg\"><img loading=\"lazy\" decoding=\"async\" class=\"alignnone size-medium wp-image-706\" src=\"https:\/\/www.elektronikcad.de\/wp-content\/uploads\/2023\/04\/boehme-elektronik-entwicklung-projekte-feelbelt-1-300x202.jpg\" alt=\"\" width=\"300\" height=\"202\" srcset=\"https:\/\/www.elektronikcad.de\/wp-content\/uploads\/2023\/04\/boehme-elektronik-entwicklung-projekte-feelbelt-1-300x202.jpg 300w, https:\/\/www.elektronikcad.de\/wp-content\/uploads\/2023\/04\/boehme-elektronik-entwicklung-projekte-feelbelt-1-1024x690.jpg 1024w, https:\/\/www.elektronikcad.de\/wp-content\/uploads\/2023\/04\/boehme-elektronik-entwicklung-projekte-feelbelt-1-768x518.jpg 768w, https:\/\/www.elektronikcad.de\/wp-content\/uploads\/2023\/04\/boehme-elektronik-entwicklung-projekte-feelbelt-1.jpg 1200w\" sizes=\"auto, (max-width: 300px) 100vw, 300px\" \/><\/a><\/p>\n<p><a href=\"https:\/\/www.elektronikcad.de\/wp-content\/uploads\/2023\/04\/boehme-elektronik-entwicklung-projekte-feelbelt-2.jpg\"><img loading=\"lazy\" decoding=\"async\" class=\"alignnone size-medium wp-image-707\" src=\"https:\/\/www.elektronikcad.de\/wp-content\/uploads\/2023\/04\/boehme-elektronik-entwicklung-projekte-feelbelt-2-300x162.jpg\" alt=\"\" width=\"300\" height=\"162\" srcset=\"https:\/\/www.elektronikcad.de\/wp-content\/uploads\/2023\/04\/boehme-elektronik-entwicklung-projekte-feelbelt-2-300x162.jpg 300w, https:\/\/www.elektronikcad.de\/wp-content\/uploads\/2023\/04\/boehme-elektronik-entwicklung-projekte-feelbelt-2-1024x553.jpg 1024w, https:\/\/www.elektronikcad.de\/wp-content\/uploads\/2023\/04\/boehme-elektronik-entwicklung-projekte-feelbelt-2-768x415.jpg 768w, https:\/\/www.elektronikcad.de\/wp-content\/uploads\/2023\/04\/boehme-elektronik-entwicklung-projekte-feelbelt-2.jpg 1200w\" sizes=\"auto, (max-width: 300px) 100vw, 300px\" \/><\/a><\/p>\n<p><a href=\"https:\/\/www.elektronikcad.de\/wp-content\/uploads\/2023\/04\/boehme-elektronik-entwicklung-projekte-feelbelt-3.jpg\"><img loading=\"lazy\" decoding=\"async\" class=\"alignnone size-medium wp-image-708\" src=\"https:\/\/www.elektronikcad.de\/wp-content\/uploads\/2023\/04\/boehme-elektronik-entwicklung-projekte-feelbelt-3-300x292.jpg\" alt=\"\" width=\"300\" height=\"292\" srcset=\"https:\/\/www.elektronikcad.de\/wp-content\/uploads\/2023\/04\/boehme-elektronik-entwicklung-projekte-feelbelt-3-300x292.jpg 300w, https:\/\/www.elektronikcad.de\/wp-content\/uploads\/2023\/04\/boehme-elektronik-entwicklung-projekte-feelbelt-3-1024x996.jpg 1024w, https:\/\/www.elektronikcad.de\/wp-content\/uploads\/2023\/04\/boehme-elektronik-entwicklung-projekte-feelbelt-3-768x747.jpg 768w, https:\/\/www.elektronikcad.de\/wp-content\/uploads\/2023\/04\/boehme-elektronik-entwicklung-projekte-feelbelt-3.jpg 1200w\" sizes=\"auto, (max-width: 300px) 100vw, 300px\" \/><\/a><\/p>\n<p><a href=\"https:\/\/feelbelt.de\/\" target=\"_blank\" rel=\"noopener\">https:\/\/feelbelt.de\/<\/a><\/p>\n<h3>Entwicklung und Fertigung f\u00fcr NES ENERGY<\/h3>\n<p><img loading=\"lazy\" decoding=\"async\" class=\"alignnone wp-image-710 size-full\" src=\"https:\/\/www.elektronikcad.de\/wp-content\/uploads\/2023\/04\/IMCOP-GmbH-Logo-klein.jpg\" alt=\"\" width=\"300\" height=\"150\" \/><\/p>\n<p>Das NES-Energy Ger\u00e4t ist die ultimative und wirksame Erg\u00e4nzung der therapeutischen Behandlung bei<br \/>\npsychischer Ersch\u00f6pfung, Burnout, Depression, Schlafproblemen, Angstzust\u00e4nde, Stress, uvm.<\/p>\n<p><a href=\"https:\/\/www.elektronikcad.de\/wp-content\/uploads\/2023\/04\/boehme-elektronik-entwicklung-projekte-nes-energy-imcop-1.jpg\"><img loading=\"lazy\" decoding=\"async\" class=\"alignnone size-medium wp-image-711\" src=\"https:\/\/www.elektronikcad.de\/wp-content\/uploads\/2023\/04\/boehme-elektronik-entwicklung-projekte-nes-energy-imcop-1-268x300.jpg\" alt=\"\" width=\"268\" height=\"300\" srcset=\"https:\/\/www.elektronikcad.de\/wp-content\/uploads\/2023\/04\/boehme-elektronik-entwicklung-projekte-nes-energy-imcop-1-268x300.jpg 268w, https:\/\/www.elektronikcad.de\/wp-content\/uploads\/2023\/04\/boehme-elektronik-entwicklung-projekte-nes-energy-imcop-1-916x1024.jpg 916w, https:\/\/www.elektronikcad.de\/wp-content\/uploads\/2023\/04\/boehme-elektronik-entwicklung-projekte-nes-energy-imcop-1-768x859.jpg 768w, https:\/\/www.elektronikcad.de\/wp-content\/uploads\/2023\/04\/boehme-elektronik-entwicklung-projekte-nes-energy-imcop-1.jpg 1200w\" sizes=\"auto, (max-width: 268px) 100vw, 268px\" \/><\/a><\/p>\n<p><a href=\"https:\/\/www.elektronikcad.de\/wp-content\/uploads\/2023\/04\/boehme-elektronik-entwicklung-projekte-nes-energy-imcop-2.jpg\"><img loading=\"lazy\" decoding=\"async\" class=\"alignnone size-medium wp-image-712\" src=\"https:\/\/www.elektronikcad.de\/wp-content\/uploads\/2023\/04\/boehme-elektronik-entwicklung-projekte-nes-energy-imcop-2-300x226.jpg\" alt=\"\" width=\"300\" height=\"226\" srcset=\"https:\/\/www.elektronikcad.de\/wp-content\/uploads\/2023\/04\/boehme-elektronik-entwicklung-projekte-nes-energy-imcop-2-300x226.jpg 300w, https:\/\/www.elektronikcad.de\/wp-content\/uploads\/2023\/04\/boehme-elektronik-entwicklung-projekte-nes-energy-imcop-2-1024x771.jpg 1024w, https:\/\/www.elektronikcad.de\/wp-content\/uploads\/2023\/04\/boehme-elektronik-entwicklung-projekte-nes-energy-imcop-2-768x579.jpg 768w, https:\/\/www.elektronikcad.de\/wp-content\/uploads\/2023\/04\/boehme-elektronik-entwicklung-projekte-nes-energy-imcop-2.jpg 1200w\" sizes=\"auto, (max-width: 300px) 100vw, 300px\" \/><\/a><\/p>\n<h3>Leiterplattenentwicklung f\u00fcr High Power<\/h3>\n<p><img loading=\"lazy\" decoding=\"async\" class=\"alignnone size-full wp-image-718\" src=\"https:\/\/www.elektronikcad.de\/wp-content\/uploads\/2023\/04\/208.png\" alt=\"\" width=\"205\" height=\"62\" \/><\/p>\n<p>We specialize in the development and implementation of custom high performance system solutions, test systems, power supplies and instrumentation.<\/p>\n<p><a href=\"https:\/\/www.elektronikcad.de\/wp-content\/uploads\/2023\/04\/boeheme-elektronik-entwicklung-pcb-design-solfas_1.jpg\"><img loading=\"lazy\" decoding=\"async\" class=\"alignnone size-medium wp-image-715\" src=\"https:\/\/www.elektronikcad.de\/wp-content\/uploads\/2023\/04\/boeheme-elektronik-entwicklung-pcb-design-solfas_1-300x196.jpg\" alt=\"\" width=\"300\" height=\"196\" srcset=\"https:\/\/www.elektronikcad.de\/wp-content\/uploads\/2023\/04\/boeheme-elektronik-entwicklung-pcb-design-solfas_1-300x196.jpg 300w, https:\/\/www.elektronikcad.de\/wp-content\/uploads\/2023\/04\/boeheme-elektronik-entwicklung-pcb-design-solfas_1-768x501.jpg 768w, https:\/\/www.elektronikcad.de\/wp-content\/uploads\/2023\/04\/boeheme-elektronik-entwicklung-pcb-design-solfas_1.jpg 905w\" sizes=\"auto, (max-width: 300px) 100vw, 300px\" \/><\/a><\/p>\n<p><a href=\"https:\/\/www.elektronikcad.de\/wp-content\/uploads\/2023\/04\/boeheme-elektronik-entwicklung-pcb-design-solfas_2.jpg\"><img loading=\"lazy\" decoding=\"async\" class=\"alignnone size-medium wp-image-716\" src=\"https:\/\/www.elektronikcad.de\/wp-content\/uploads\/2023\/04\/boeheme-elektronik-entwicklung-pcb-design-solfas_2-300x76.jpg\" alt=\"\" width=\"300\" height=\"76\" srcset=\"https:\/\/www.elektronikcad.de\/wp-content\/uploads\/2023\/04\/boeheme-elektronik-entwicklung-pcb-design-solfas_2-300x76.jpg 300w, https:\/\/www.elektronikcad.de\/wp-content\/uploads\/2023\/04\/boeheme-elektronik-entwicklung-pcb-design-solfas_2-768x195.jpg 768w, https:\/\/www.elektronikcad.de\/wp-content\/uploads\/2023\/04\/boeheme-elektronik-entwicklung-pcb-design-solfas_2.jpg 886w\" sizes=\"auto, (max-width: 300px) 100vw, 300px\" \/><\/a><\/p>\n<p>S`il-vous-pla\u00eet appelez-moi (+49 172 3830507) ou envoyez-moi un email (<a href=\"mailto:boehme@elektronikcad.de\">boehme@elektronikcad.de<\/a>).<\/p>\n<p style=\"text-align: right;\">\n<p><\/p>","protected":false},"excerpt":{"rendered":"<p>Exemples de projets mis en \u0153uvre avec succ\u00e8s. ReMoD V5.0 Typ 1 Poursuite du d\u00e9veloppement d&rsquo;une aide \u00e0 la marche brevet\u00e9e pour le contr\u00f4le de la posture et des mouvements des patients souffrant de probl\u00e8mes posturaux neurologiques. ReMoD UG (haftungsbeschr\u00e4nkt) Reinickendorfer Str. 15 13347 Berlin Deutschland https:\/\/www.hemiparese-therapie.de Serienfertigung in Asien [E\u00b3] PROGRAMMABLE LCD KEYS. All &hellip; <a href=\"https:\/\/www.elektronikcad.de\/fr\/projekte\" class=\"more-link\">Continuer la lecture de <span class=\"screen-reader-text\">Nos projets<\/span>  <span class=\"meta-nav\">&rarr;<\/span><\/a><\/p>\n","protected":false},"author":1,"featured_media":0,"parent":0,"menu_order":0,"comment_status":"closed","ping_status":"closed","template":"","meta":{"footnotes":""},"class_list":["post-49","page","type-page","status-publish","hentry"],"_links":{"self":[{"href":"https:\/\/www.elektronikcad.de\/fr\/wp-json\/wp\/v2\/pages\/49","targetHints":{"allow":["GET"]}}],"collection":[{"href":"https:\/\/www.elektronikcad.de\/fr\/wp-json\/wp\/v2\/pages"}],"about":[{"href":"https:\/\/www.elektronikcad.de\/fr\/wp-json\/wp\/v2\/types\/page"}],"author":[{"embeddable":true,"href":"https:\/\/www.elektronikcad.de\/fr\/wp-json\/wp\/v2\/users\/1"}],"replies":[{"embeddable":true,"href":"https:\/\/www.elektronikcad.de\/fr\/wp-json\/wp\/v2\/comments?post=49"}],"version-history":[{"count":31,"href":"https:\/\/www.elektronikcad.de\/fr\/wp-json\/wp\/v2\/pages\/49\/revisions"}],"predecessor-version":[{"id":729,"href":"https:\/\/www.elektronikcad.de\/fr\/wp-json\/wp\/v2\/pages\/49\/revisions\/729"}],"wp:attachment":[{"href":"https:\/\/www.elektronikcad.de\/fr\/wp-json\/wp\/v2\/media?parent=49"}],"curies":[{"name":"wp","href":"https:\/\/api.w.org\/{rel}","templated":true}]}}