{"id":8,"date":"2015-09-24T12:39:06","date_gmt":"2015-09-24T12:39:06","guid":{"rendered":"http:\/\/www.elektronikcad.de\/?page_id=8"},"modified":"2023-04-04T06:27:34","modified_gmt":"2023-04-04T06:27:34","slug":"pcb-design","status":"publish","type":"page","link":"https:\/\/www.elektronikcad.de\/fr\/pcb-design","title":{"rendered":"Layout Entwicklung"},"content":{"rendered":"<p><\/p>\n<p style=\"text-align: justify;\">Nous vous offrons comme service la production de circuits imprim\u00e9s selon les specifications des clients. Un d\u00e9groupage comp\u00e9tent est la base d&rsquo;une production d&rsquo;assemblages rentable, rationnelle et de haute qualit\u00e9.<\/p>\n<ul class=\"arrow_new\">\n<li>Beaucoup des ann\u00e9es d&rsquo;exp\u00e9rience<\/li>\n<li>Travail rentable<\/li>\n<li>Design conforme CEM<\/li>\n<li>Frais sont bon calculable par offre pr\u00e9alable<\/li>\n<li>D\u00e9groupage li\u00e9 \u00e0 la production (DFM)<\/li>\n<li>Service express<\/li>\n<li>Service sur site<\/li>\n<li>Optimisation de l&rsquo;assemblage et de la production<\/li>\n<\/ul>\n<p><strong>Logiciel utilis\u00e9 :<\/strong><\/p>\n<ul class=\"arrow_new\">\n<li>Mentor Graphics Integra Station<\/li>\n<li>Mentor Graphics Exp\u00e9dition<\/li>\n<li>Pulsonix<\/li>\n<li>Eagle<\/li>\n<li>ORCAD<\/li>\n<li>CAM350<\/li>\n<li>D`autres syst\u00e8mes CAO sur demande<\/li>\n<\/ul>\n<p><\/p>","protected":false},"excerpt":{"rendered":"<p>Nous vous offrons comme service la production de circuits imprim\u00e9s selon les specifications des clients. Un d\u00e9groupage comp\u00e9tent est la base d&rsquo;une production d&rsquo;assemblages rentable, rationnelle et de haute qualit\u00e9. Beaucoup des ann\u00e9es d&rsquo;exp\u00e9rience Travail rentable Design conforme CEM Frais sont bon calculable par offre pr\u00e9alable D\u00e9groupage li\u00e9 \u00e0 la production (DFM) Service express Service &hellip; <a href=\"https:\/\/www.elektronikcad.de\/fr\/pcb-design\" class=\"more-link\">Continuer la lecture de <span class=\"screen-reader-text\">Layout Entwicklung<\/span>  <span class=\"meta-nav\">&rarr;<\/span><\/a><\/p>\n","protected":false},"author":1,"featured_media":0,"parent":0,"menu_order":0,"comment_status":"closed","ping_status":"closed","template":"","meta":{"footnotes":""},"class_list":["post-8","page","type-page","status-publish","hentry"],"_links":{"self":[{"href":"https:\/\/www.elektronikcad.de\/fr\/wp-json\/wp\/v2\/pages\/8","targetHints":{"allow":["GET"]}}],"collection":[{"href":"https:\/\/www.elektronikcad.de\/fr\/wp-json\/wp\/v2\/pages"}],"about":[{"href":"https:\/\/www.elektronikcad.de\/fr\/wp-json\/wp\/v2\/types\/page"}],"author":[{"embeddable":true,"href":"https:\/\/www.elektronikcad.de\/fr\/wp-json\/wp\/v2\/users\/1"}],"replies":[{"embeddable":true,"href":"https:\/\/www.elektronikcad.de\/fr\/wp-json\/wp\/v2\/comments?post=8"}],"version-history":[{"count":8,"href":"https:\/\/www.elektronikcad.de\/fr\/wp-json\/wp\/v2\/pages\/8\/revisions"}],"predecessor-version":[{"id":733,"href":"https:\/\/www.elektronikcad.de\/fr\/wp-json\/wp\/v2\/pages\/8\/revisions\/733"}],"wp:attachment":[{"href":"https:\/\/www.elektronikcad.de\/fr\/wp-json\/wp\/v2\/media?parent=8"}],"curies":[{"name":"wp","href":"https:\/\/api.w.org\/{rel}","templated":true}]}}